{"id":5,"date":"2021-11-25T11:52:08","date_gmt":"2021-11-25T11:52:08","guid":{"rendered":"https:\/\/cokdaseyetmemeklazim.com\/?page_id=5"},"modified":"2021-12-09T14:04:50","modified_gmt":"2021-12-09T14:04:50","slug":"create-your-website-with-blocks","status":"publish","type":"page","link":"https:\/\/cokdaseyetmemeklazim.com\/","title":{"rendered":"Untitled"},"content":{"rendered":"\n<p class=\"has-black-color has-text-color\">&#8220;&#8221;\u00c7ok da \u015eeyetmemenin Deontolojisi \u00dczerine Bir Deneme&#8221; \u00e7ok yak\u0131nda\u2026 &#8220;<\/p>\n\n\n\n<p class=\"has-black-color has-text-color\">DEND\u0130 B\u0130ZE AMA NERDEEE&#8230;. ka\u00e7 y\u0131ld\u0131r yaz\u0131lacak alt taraf\u0131 bir deneme&#8230; bu b\u00f6yle olmaz&#8230; ger\u00e7i \u00e7ok da \u015fey etmemek laz\u0131m ya&#8230; neyse&#8230;<\/p>\n","protected":false},"excerpt":{"rendered":"<p>&#8220;&#8221;\u00c7ok da \u015eeyetmemenin Deontolojisi \u00dczerine Bir Deneme&#8221; \u00e7ok yak\u0131nda\u2026 &#8220; DEND\u0130 B\u0130ZE AMA NERDEEE&#8230;. ka\u00e7 y\u0131ld\u0131r yaz\u0131lacak alt taraf\u0131 bir deneme&#8230; bu b\u00f6yle olmaz&#8230; ger\u00e7i \u00e7ok da \u015fey etmemek laz\u0131m ya&#8230; neyse&#8230;<\/p>\n","protected":false},"author":1,"featured_media":0,"parent":0,"menu_order":0,"comment_status":"closed","ping_status":"closed","template":"","meta":{"footnotes":""},"class_list":["post-5","page","type-page","status-publish","hentry","entry"],"_links":{"self":[{"href":"https:\/\/cokdaseyetmemeklazim.com\/index.php?rest_route=\/wp\/v2\/pages\/5","targetHints":{"allow":["GET"]}}],"collection":[{"href":"https:\/\/cokdaseyetmemeklazim.com\/index.php?rest_route=\/wp\/v2\/pages"}],"about":[{"href":"https:\/\/cokdaseyetmemeklazim.com\/index.php?rest_route=\/wp\/v2\/types\/page"}],"author":[{"embeddable":true,"href":"https:\/\/cokdaseyetmemeklazim.com\/index.php?rest_route=\/wp\/v2\/users\/1"}],"replies":[{"embeddable":true,"href":"https:\/\/cokdaseyetmemeklazim.com\/index.php?rest_route=%2Fwp%2Fv2%2Fcomments&post=5"}],"version-history":[{"count":7,"href":"https:\/\/cokdaseyetmemeklazim.com\/index.php?rest_route=\/wp\/v2\/pages\/5\/revisions"}],"predecessor-version":[{"id":35,"href":"https:\/\/cokdaseyetmemeklazim.com\/index.php?rest_route=\/wp\/v2\/pages\/5\/revisions\/35"}],"wp:attachment":[{"href":"https:\/\/cokdaseyetmemeklazim.com\/index.php?rest_route=%2Fwp%2Fv2%2Fmedia&parent=5"}],"curies":[{"name":"wp","href":"https:\/\/api.w.org\/{rel}","templated":true}]}}